{"id":2214,"date":"2026-02-02T13:54:59","date_gmt":"2026-02-02T12:54:59","guid":{"rendered":"https:\/\/www.oconnection.fr\/?page_id=2214"},"modified":"2026-02-18T16:49:03","modified_gmt":"2026-02-18T15:49:03","slug":"rp-influence","status":"publish","type":"page","link":"https:\/\/www.oconnection.fr\/index.php\/rp-influence\/","title":{"rendered":"RP &#038; Influence"},"content":{"rendered":"<div class=\"wpb-content-wrapper\"><p>[vc_row css=\u00a0\u00bb.vc_custom_1760000400001{padding-top: 60px !important;padding-bottom: 20px !important;}\u00a0\u00bb][vc_column offset=\u00a0\u00bbvc_col-lg-offset-1 vc_col-lg-10 vc_col-md-offset-1 vc_col-md-10 vc_col-sm-offset-0&Prime;]<div id=\"ultimate-heading-204669f2147fde32a\" class=\"uvc-heading ult-adjust-bottom-margin ultimate-heading-204669f2147fde32a uvc-510 \" data-hspacer=\"line_only\"  data-halign=\"center\" style=\"text-align:center\"><div class=\"uvc-main-heading ult-responsive\"  data-ultimate-target='.uvc-heading.ultimate-heading-204669f2147fde32a h1'  data-responsive-json-new='{\"font-size\":\"desktop:42px;mobile_landscape:34px;\",\"line-height\":\"desktop:52px;mobile_landscape:44px;\"}' ><h1 style=\"font-weight:bold;\">Cr\u00e9er l\u2019actualit\u00e9. Activer les conversations. Piloter la performance.<\/h1><\/div><div class=\"uvc-heading-spacer line_only\" style=\"margin-top:30px;margin-bottom:30px;height:2px;\"><span class=\"uvc-headings-line\" style=\"border-style:solid;border-bottom-width:2px;border-color:#000000;width:250px;\"><\/span><\/div><\/div><div id=\"ultimate-heading-581869f2147fde3c3\" class=\"uvc-heading ult-adjust-bottom-margin ultimate-heading-581869f2147fde3c3 uvc-9652 \" data-hspacer=\"no_spacer\"  data-halign=\"left\" style=\"text-align:left\"><div class=\"uvc-heading-spacer no_spacer\" style=\"top\"><\/div><div class=\"uvc-sub-heading ult-responsive\"  data-ultimate-target='.uvc-heading.ultimate-heading-581869f2147fde3c3 .uvc-sub-heading '  data-responsive-json-new='{\"font-size\":\"desktop:21px;mobile_landscape:18px;mobile:18px;\",\"line-height\":\"desktop:30px;mobile_landscape:25px;mobile:22px;\"}'  style=\"font-style:italic;font-weight:bold;color:#515151;margin-bottom:40px;\">Chez \u00d8CONNECTION, les Relations Presse et l\u2019Influence sont des leviers strat\u00e9giques pleinement int\u00e9gr\u00e9s, au service de la visibilit\u00e9, de la cr\u00e9dibilit\u00e9 et de la performance des marques.<\/p>\n<p>Nous concevons et orchestrons des dispositifs capables de faire \u00e9merger des sujets forts en g\u00e9n\u00e9rant un \u00e9cho \u00e9ditorial durable, qualifi\u00e9 et mesurable.<\/div><\/div>[\/vc_column][\/vc_row][vc_row][vc_column][vc_column_text]<\/p>\n<p>[\/vc_column_text][\/vc_column][\/vc_row][vc_row css=\u00a0\u00bb.vc_custom_1760000400003{padding-top: 40px !important;padding-bottom: 30px !important;}\u00a0\u00bb][vc_column offset=\u00a0\u00bbvc_col-lg-offset-1 vc_col-lg-10 vc_col-md-offset-1 vc_col-md-10 vc_col-sm-offset-0&Prime;][vc_row_inner][vc_column_inner]<div id=\"ultimate-heading-20969f2147fde3fc\" class=\"uvc-heading ult-adjust-bottom-margin ultimate-heading-20969f2147fde3fc uvc-6883 \" data-hspacer=\"line_only\"  data-halign=\"center\" style=\"text-align:center\"><div class=\"uvc-main-heading ult-responsive\"  data-ultimate-target='.uvc-heading.ultimate-heading-20969f2147fde3fc h3'  data-responsive-json-new='{\"font-size\":\"desktop:42px;mobile_landscape:34px;mobile:30px;\",\"line-height\":\"desktop:52px;mobile_landscape:44px;mobile:35px;\"}' ><h3 style=\"font-weight:bold;color:#333333;\">Une approche guid\u00e9e par notre LAB\u00d8<\/h3><\/div><div class=\"uvc-heading-spacer line_only\" style=\"margin-top:30px;margin-bottom:30px;height:2px;\"><span class=\"uvc-headings-line\" style=\"border-style:solid;border-bottom-width:2px;border-color:#000000;width:250px;\"><\/span><\/div><\/div>[vc_column_text css=\u00a0\u00bb.vc_custom_1770046565414{margin-bottom: 40px !important;}\u00a0\u00bb]<strong>Au c\u0153ur de nos recommandations, notre LAB\u00d8 (planning strat\u00e9gique, veille, &amp; \u00e9tudes) relie sens culturel et efficacit\u00e9 business.<\/strong> Il nous permet d\u2019analyser les signaux faibles, de prendre le pouls de la soci\u00e9t\u00e9 et des audiences, et de nourrir des strat\u00e9gies RP &amp; Influence pertinentes, renouvel\u00e9es et \u00e0 fort impact.[\/vc_column_text][\/vc_column_inner][\/vc_row_inner][\/vc_column][\/vc_row][vc_row][vc_column][vc_column_text]<\/p>\n<p>[\/vc_column_text][\/vc_column][\/vc_row][vc_row full_width=\u00a0\u00bbstretch_row\u00a0\u00bb bg_type=\u00a0\u00bbimage\u00a0\u00bb parallax_style=\u00a0\u00bbvcpb-vz-jquery\u00a0\u00bb bg_image_new=\u00a0\u00bbid^2231|url^https:\/\/www.oconnection.fr\/wp-content\/uploads\/2026\/02\/vlcsnap-2026-02-02-14h22m37s178.png|caption^null|alt^null|title^vlcsnap-2026-02-02-14h22m37s178|description^null\u00a0\u00bb bg_image_repeat=\u00a0\u00bbno-repeat\u00a0\u00bb bg_override=\u00a0\u00bbfull\u00a0\u00bb disable_on_mobile_img_parallax=\u00a0\u00bbdisable_on_mobile_img_parallax_value\u00a0\u00bb fadeout_row=\u00a0\u00bbfadeout_row_value\u00a0\u00bb enable_overlay=\u00a0\u00bbenable_overlay_value\u00a0\u00bb overlay_color=\u00a0\u00bb#000000&Prime; overlay_pattern_opacity=\u00a0\u00bb30&Prime; css=\u00a0\u00bb.vc_custom_1770050059617{padding-top: 200px !important;padding-bottom: 200px !important;}\u00a0\u00bb][vc_column offset=\u00a0\u00bbvc_col-lg-offset-1 vc_col-lg-10 vc_col-md-offset-1 vc_col-md-10 vc_col-sm-offset-0&Prime;]<div id=\"ultimate-heading-32069f2147fde452\" class=\"uvc-heading ult-adjust-bottom-margin ultimate-heading-32069f2147fde452 uvc-8160 \" data-hspacer=\"line_only\"  data-halign=\"center\" style=\"text-align:center\"><div class=\"uvc-main-heading ult-responsive\"  data-ultimate-target='.uvc-heading.ultimate-heading-32069f2147fde452 h3'  data-responsive-json-new='{\"font-size\":\"desktop:42px;mobile_landscape:34px;mobile:30px;\",\"line-height\":\"desktop:52px;mobile_landscape:44px;mobile:35px;\"}' ><h3 style=\"font-weight:bold;color:#FFFFFF;\">Une performance r\u00e9ellement pilot\u00e9e<\/h3><\/div><div class=\"uvc-heading-spacer line_only\" style=\"margin-top:30px;margin-bottom:30px;height:2px;\"><span class=\"uvc-headings-line\" style=\"border-style:solid;border-bottom-width:2px;border-color:#FFFFFF;width:250px;\"><\/span><\/div><\/div>[vc_column_text css=\u00a0\u00bb\u00a0\u00bb]<\/p>\n<div style=\"color: #ffffff;\">\n<p><strong>Chaque dispositif est pens\u00e9 comme un investissement mesurable, pilot\u00e9 par des KPI clairs :<\/strong> qualit\u00e9 et tonalit\u00e9 des retomb\u00e9es, impact image, engagement des audiences et contribution aux objectifs marketing et business.<\/p>\n<p>Nous privil\u00e9gions <strong>la valeur et l\u2019influence r\u00e9elle<\/strong>, au-del\u00e0 des logiques de volume.<\/p>\n<\/div>\n<p>[\/vc_column_text][\/vc_column][\/vc_row][vc_row][vc_column][vc_column_text]<\/p>\n<p>[\/vc_column_text][\/vc_column][\/vc_row][vc_row css=\u00a0\u00bb.vc_custom_1760000400006{padding-top: 50px !important;padding-bottom: 40px !important;}\u00a0\u00bb][vc_column offset=\u00a0\u00bbvc_col-lg-offset-1 vc_col-lg-10 vc_col-md-offset-1 vc_col-md-10 vc_col-sm-offset-0&Prime;][vc_row_inner][vc_column_inner]<div id=\"ultimate-heading-241869f2147fde4a1\" class=\"uvc-heading ult-adjust-bottom-margin ultimate-heading-241869f2147fde4a1 uvc-8903 \" data-hspacer=\"line_only\"  data-halign=\"center\" style=\"text-align:center\"><div class=\"uvc-main-heading ult-responsive\"  data-ultimate-target='.uvc-heading.ultimate-heading-241869f2147fde4a1 h3'  data-responsive-json-new='{\"font-size\":\"desktop:42px;mobile_landscape:34px;mobile:30px;\",\"line-height\":\"desktop:52px;mobile_landscape:44px;mobile:35px;\"}' ><h3 style=\"font-weight:bold;color:#333333;\">RP, Influence, media &amp; \u00e9v\u00e9nementiel : une approche int\u00e9gr\u00e9e unique<\/h3><\/div><div class=\"uvc-heading-spacer line_only\" style=\"margin-top:30px;margin-bottom:30px;height:2px;\"><span class=\"uvc-headings-line\" style=\"border-style:solid;border-bottom-width:2px;border-color:#000000;width:250px;\"><\/span><\/div><\/div>[vc_column_text css=\u00a0\u00bb\u00a0\u00bb]\u00d8CONNECTION se distingue par<strong> une approche transverse et int\u00e9gr\u00e9e :<\/strong><\/p>\n<ul>\n<li>articulation fine entre RP, Influence, brand content et amplification m\u00e9dia,<\/li>\n<li>acc\u00e8s privil\u00e9gi\u00e9 \u00e0 un \u00e9cosyst\u00e8me de r\u00e9gies partenaires,<\/li>\n<li>conception d\u2019\u00e9v\u00e9nements RP &amp; Influence sur-mesure, pens\u00e9s comme de v\u00e9ritables plateformes conversationnelles cr\u00e9atrices de d\u00e9sir et de retomb\u00e9es qualitatives.<\/li>\n<\/ul>\n<p>[\/vc_column_text][\/vc_column_inner][\/vc_row_inner][\/vc_column][\/vc_row][vc_row][vc_column][vc_column_text]<\/p>\n<p>[\/vc_column_text][\/vc_column][\/vc_row][vc_row bg_type=\u00a0\u00bbgrad\u00a0\u00bb bg_override=\u00a0\u00bbex-full\u00a0\u00bb css=\u00a0\u00bb.vc_custom_1760000400007{padding-top: 50px !important;padding-bottom: 50px !important;}\u00a0\u00bb bg_grad=\u00a0\u00bbbackground: -webkit-gradient(linear, left top, left bottom, color-stop(0%, #070C30), color-stop(100%, #365CCF));background: -moz-linear-gradient(left,#070C30 0%,#365CCF 100%);background: -webkit-linear-gradient(left,#070C30 0%,#365CCF 100%);background: -o-linear-gradient(left,#070C30 0%,#365CCF 100%);background: -ms-linear-gradient(left,#070C30 0%,#365CCF 100%);background: linear-gradient(left,#070C30 0%,#365CCF 100%);\u00a0\u00bb][vc_column offset=\u00a0\u00bbvc_col-lg-offset-1 vc_col-lg-10 vc_col-md-offset-1 vc_col-md-10 vc_col-sm-offset-0&Prime;]<div id=\"ultimate-heading-279269f2147fde4f5\" class=\"uvc-heading ult-adjust-bottom-margin ultimate-heading-279269f2147fde4f5 uvc-825 \" data-hspacer=\"line_only\"  data-halign=\"center\" style=\"text-align:center\"><div class=\"uvc-main-heading ult-responsive\"  data-ultimate-target='.uvc-heading.ultimate-heading-279269f2147fde4f5 h3'  data-responsive-json-new='{\"font-size\":\"desktop:42px;mobile_landscape:34px;mobile:30px;\",\"line-height\":\"desktop:52px;mobile_landscape:44px;mobile:35px;\"}' ><h3 style=\"font-weight:bold;color:#FFFFFF;\">Une connexion \u00e0 l\u2019international<\/h3><\/div><div class=\"uvc-heading-spacer line_only\" style=\"margin-top:30px;margin-bottom:30px;height:2px;\"><span class=\"uvc-headings-line\" style=\"border-style:solid;border-bottom-width:2px;border-color:#FFFFFF;width:250px;\"><\/span><\/div><\/div>[vc_column_text css=\u00a0\u00bb\u00a0\u00bb]<\/p>\n<div style=\"color: #ffffff;\">\u00d8CONNECTION s\u2019appuie sur <strong>des r\u00e9seaux internationaux de premier plan<\/strong> \u2013 ECCO Network et TheNetworkOne \u2013 pour activer des expertises et r\u00e9seaux de journalistes internationaux et d\u00e9ployer des strat\u00e9gies coh\u00e9rentes \u00e0 l\u2019\u00e9chelle globale.<\/div>\n<p>[\/vc_column_text][vc_row_inner content_placement=\u00a0\u00bbmiddle\u00a0\u00bb css=\u00a0\u00bb.vc_custom_1770045077213{padding-top: 40px !important;}\u00a0\u00bb][vc_column_inner width=\u00a0\u00bb1\/2&Prime;][vc_column_text css=\u00a0\u00bb.vc_custom_1770049907531{margin-bottom: 40px !important;}\u00a0\u00bb]<a href=\"https:\/\/ecco-network.com\/\" target=\"_blank\" rel=\"noopener\"><img decoding=\"async\" class=\"aligncenter wp-image-1132\" src=\"https:\/\/www.oconnection.fr\/wp-content\/uploads\/2024\/02\/ECCO-logo-white.svg\" alt=\"\" width=\"250\" \/><\/a>[\/vc_column_text][\/vc_column_inner][vc_column_inner width=\u00a0\u00bb1\/2&Prime;][vc_column_text css=\u00a0\u00bb.vc_custom_1770049919802{margin-bottom: 20px !important;}\u00a0\u00bb]<a href=\"https:\/\/www.thenetworkone.com\/\" target=\"_blank\" rel=\"noopener\"><img loading=\"lazy\" decoding=\"async\" class=\"aligncenter wp-image-2250 size-medium\" src=\"https:\/\/www.oconnection.fr\/wp-content\/uploads\/2026\/02\/thenetworkone.svg\" alt=\"\" width=\"300\" height=\"300\" \/><\/a>[\/vc_column_text][\/vc_column_inner][\/vc_row_inner][\/vc_column][\/vc_row][vc_row][vc_column][vc_column_text]<\/p>\n<p>[\/vc_column_text][\/vc_column][\/vc_row][vc_row css=\u00a0\u00bb.vc_custom_1760000400009{padding-top: 50px !important;padding-bottom: 40px !important;}\u00a0\u00bb][vc_column offset=\u00a0\u00bbvc_col-lg-offset-1 vc_col-lg-10 vc_col-md-offset-1 vc_col-md-10 vc_col-sm-offset-0&Prime;]<div id=\"ultimate-heading-765569f2147fde54f\" class=\"uvc-heading ult-adjust-bottom-margin ultimate-heading-765569f2147fde54f uvc-1339 \" data-hspacer=\"line_only\"  data-halign=\"center\" style=\"text-align:center\"><div class=\"uvc-main-heading ult-responsive\"  data-ultimate-target='.uvc-heading.ultimate-heading-765569f2147fde54f h3'  data-responsive-json-new='{\"font-size\":\"desktop:42px;mobile_landscape:34px;mobile:30px;\",\"line-height\":\"desktop:52px;mobile_landscape:44px;mobile:35px;\"}' ><h3 style=\"font-weight:bold;color:#333333;\">Une expertise \u00e9prouv\u00e9e<\/h3><\/div><div class=\"uvc-heading-spacer line_only\" style=\"margin-top:30px;margin-bottom:30px;height:2px;\"><span class=\"uvc-headings-line\" style=\"border-style:solid;border-bottom-width:2px;border-color:#000000;width:250px;\"><\/span><\/div><\/div>[vc_row_inner][vc_column_inner width=\u00a0\u00bb1\/2&Prime;][vc_column_text css=\u00a0\u00bb.vc_custom_1770049950957{margin-bottom: 40px !important;}\u00a0\u00bb]<\/p>\n<ul>\n<li><strong>Relations Publiques &amp; Influence<\/strong><\/li>\n<li><strong>Brand positioning<\/strong><\/li>\n<li><strong>Brand reputation<\/strong><\/li>\n<li><strong>Performance &amp; engagement<\/strong><\/li>\n<li><strong>Endorsement &amp; partenariats strat\u00e9giques<\/strong><\/li>\n<\/ul>\n<p>[\/vc_column_text][\/vc_column_inner][vc_column_inner width=\u00a0\u00bb1\/2&Prime;][vc_column_text css=\u00a0\u00bb.vc_custom_1771348818156{margin-bottom: 20px !important;}\u00a0\u00bb]<\/p>\n<p style=\"text-align: center;\"><strong>+25 experts<br \/>\n<\/strong> en majorit\u00e9 seniors<\/p>\n<p style=\"text-align: center;\"><strong>+70 clients<\/strong><br \/>\naccompagn\u00e9s<\/p>\n<p>[\/vc_column_text][\/vc_column_inner][\/vc_row_inner][\/vc_column][\/vc_row]<\/p>\n<\/div>","protected":false},"excerpt":{"rendered":"<p>[vc_row css=\u00a0\u00bb.vc_custom_1760000400001{padding-top: 60px !important;padding-bottom: 20px !important;}\u00a0\u00bb][vc_column offset=\u00a0\u00bbvc_col-lg-offset-1 vc_col-lg-10 vc_col-md-offset-1 vc_col-md-10 vc_col-sm-offset-0&Prime;][\/vc_column][\/vc_row][vc_row][vc_column][vc_column_text] [\/vc_column_text][\/vc_column][\/vc_row][vc_row css=\u00a0\u00bb.vc_custom_1760000400003{padding-top: 40px !important;padding-bottom: 30px !important;}\u00a0\u00bb][vc_column offset=\u00a0\u00bbvc_col-lg-offset-1 vc_col-lg-10 vc_col-md-offset-1 vc_col-md-10 vc_col-sm-offset-0&Prime;][vc_row_inner][vc_column_inner][vc_column_text css=\u00a0\u00bb.vc_custom_1770046565414{margin-bottom: 40px !important;}\u00a0\u00bb]Au c\u0153ur de nos recommandations, notre LAB\u00d8 (planning strat\u00e9gique, veille, &amp; \u00e9tudes) relie sens culturel et efficacit\u00e9 business. Il nous permet d\u2019analyser les signaux faibles, de prendre le pouls de la&hellip;<\/p>\n","protected":false},"author":2,"featured_media":0,"parent":0,"menu_order":0,"comment_status":"closed","ping_status":"closed","template":"template-microsite.php","meta":{"inline_featured_image":false,"footnotes":""},"class_list":["post-2214","page","type-page","status-publish","hentry","description-off"],"_links":{"self":[{"href":"https:\/\/www.oconnection.fr\/index.php\/wp-json\/wp\/v2\/pages\/2214","targetHints":{"allow":["GET"]}}],"collection":[{"href":"https:\/\/www.oconnection.fr\/index.php\/wp-json\/wp\/v2\/pages"}],"about":[{"href":"https:\/\/www.oconnection.fr\/index.php\/wp-json\/wp\/v2\/types\/page"}],"author":[{"embeddable":true,"href":"https:\/\/www.oconnection.fr\/index.php\/wp-json\/wp\/v2\/users\/2"}],"replies":[{"embeddable":true,"href":"https:\/\/www.oconnection.fr\/index.php\/wp-json\/wp\/v2\/comments?post=2214"}],"version-history":[{"count":47,"href":"https:\/\/www.oconnection.fr\/index.php\/wp-json\/wp\/v2\/pages\/2214\/revisions"}],"predecessor-version":[{"id":2676,"href":"https:\/\/www.oconnection.fr\/index.php\/wp-json\/wp\/v2\/pages\/2214\/revisions\/2676"}],"wp:attachment":[{"href":"https:\/\/www.oconnection.fr\/index.php\/wp-json\/wp\/v2\/media?parent=2214"}],"curies":[{"name":"wp","href":"https:\/\/api.w.org\/{rel}","templated":true}]}}