{"id":2205,"date":"2026-02-02T12:36:19","date_gmt":"2026-02-02T11:36:19","guid":{"rendered":"https:\/\/www.oconnection.fr\/?page_id=2205"},"modified":"2026-02-18T16:47:16","modified_gmt":"2026-02-18T15:47:16","slug":"event","status":"publish","type":"page","link":"https:\/\/www.oconnection.fr\/index.php\/event\/","title":{"rendered":"Event"},"content":{"rendered":"<div class=\"wpb-content-wrapper\"><p>[vc_row css=\u00a0\u00bb.vc_custom_1760000200001{padding-top: 60px !important;padding-bottom: 20px !important;}\u00a0\u00bb][vc_column offset=\u00a0\u00bbvc_col-lg-offset-1 vc_col-lg-10 vc_col-md-offset-1 vc_col-md-10 vc_col-sm-offset-0&Prime;]<div id=\"ultimate-heading-883669f2185fcedb5\" class=\"uvc-heading ult-adjust-bottom-margin ultimate-heading-883669f2185fcedb5 uvc-2301 \" data-hspacer=\"line_only\"  data-halign=\"center\" style=\"text-align:center\"><div class=\"uvc-main-heading ult-responsive\"  data-ultimate-target='.uvc-heading.ultimate-heading-883669f2185fcedb5 h1'  data-responsive-json-new='{\"font-size\":\"desktop:42px;mobile_landscape:34px;\",\"line-height\":\"desktop:52px;mobile_landscape:44px;\"}' ><h1 style=\"font-weight:bold;\">Des exp\u00e9riences \u00e9v\u00e9nementielles cr\u00e9atrices de valeur, pens\u00e9es avec une exigence strat\u00e9gique.<\/h1><\/div><div class=\"uvc-heading-spacer line_only\" style=\"margin-top:30px;margin-bottom:30px;height:2px;\"><span class=\"uvc-headings-line\" style=\"border-style:solid;border-bottom-width:2px;border-color:#000000;width:250px;\"><\/span><\/div><\/div><div id=\"ultimate-heading-531869f2185fcee57\" class=\"uvc-heading ult-adjust-bottom-margin ultimate-heading-531869f2185fcee57 uvc-2229 \" data-hspacer=\"no_spacer\"  data-halign=\"left\" style=\"text-align:left\"><div class=\"uvc-heading-spacer no_spacer\" style=\"top\"><\/div><div class=\"uvc-sub-heading ult-responsive\"  data-ultimate-target='.uvc-heading.ultimate-heading-531869f2185fcee57 .uvc-sub-heading '  data-responsive-json-new='{\"font-size\":\"desktop:21px;mobile_landscape:18px;mobile:18px;\",\"line-height\":\"desktop:30px;mobile_landscape:25px;mobile:22px;\"}'  style=\"font-style:italic;font-weight:bold;color:#515151;margin-bottom:40px;\"><strong>Chez \u00d8CONNECTION, l\u2019\u00e9v\u00e9nement est un levier strat\u00e9gique de performance, d\u2019engagement et de transformation des marques.<\/strong><\/p>\n<p>Agence ind\u00e9pendante \u00e0 taille humaine, nous concevons et produisons tous types d\u2019\u00e9v\u00e9nements, des plus petits \u00e0 ceux de tr\u00e8s grande envergure, en France comme \u00e0 l\u2019international.<\/div><\/div>[\/vc_column][\/vc_row][vc_row][vc_column][vc_column_text]<\/p>\n<p>[\/vc_column_text][\/vc_column][\/vc_row][vc_row css=\u00a0\u00bb.vc_custom_1760000200003{padding-top: 40px !important;padding-bottom: 30px !important;}\u00a0\u00bb][vc_column offset=\u00a0\u00bbvc_col-lg-offset-1 vc_col-lg-10 vc_col-md-offset-1 vc_col-md-10 vc_col-sm-offset-0&Prime;][vc_row_inner][vc_column_inner]<div id=\"ultimate-heading-427569f2185fceebe\" class=\"uvc-heading ult-adjust-bottom-margin ultimate-heading-427569f2185fceebe uvc-9273 \" data-hspacer=\"line_only\"  data-halign=\"center\" style=\"text-align:center\"><div class=\"uvc-main-heading ult-responsive\"  data-ultimate-target='.uvc-heading.ultimate-heading-427569f2185fceebe h3'  data-responsive-json-new='{\"font-size\":\"desktop:42px;mobile_landscape:34px;mobile:30px;\",\"line-height\":\"desktop:52px;mobile_landscape:44px;mobile:35px;\"}' ><h3 style=\"font-weight:bold;color:#333333;\">Une vision globale et int\u00e9gr\u00e9e de l\u2019\u00e9v\u00e9nementiel<\/h3><\/div><div class=\"uvc-heading-spacer line_only\" style=\"margin-top:30px;margin-bottom:30px;height:2px;\"><span class=\"uvc-headings-line\" style=\"border-style:solid;border-bottom-width:2px;border-color:#000000;width:250px;\"><\/span><\/div><\/div>[vc_column_text css=\u00a0\u00bb.vc_custom_1770046582432{margin-bottom: 40px !important;}\u00a0\u00bb]Chaque \u00e9v\u00e9nement s\u2019inscrit dans un \u00e9cosyst\u00e8me associant m\u00e9dia, digital, RP &amp; influence.<\/p>\n<p>Pens\u00e9 comme une exp\u00e9rience sociale, hybride et amplifi\u00e9e, il cr\u00e9e un lien \u00e9motionnel fort et se prolonge gr\u00e2ce \u00e0 une logique de <strong>Storytelling, Story Living, Story Doing et Story Sharing<\/strong>.[\/vc_column_text][\/vc_column_inner][\/vc_row_inner][\/vc_column][\/vc_row][vc_row][vc_column][vc_column_text]<\/p>\n<p>[\/vc_column_text][\/vc_column][\/vc_row][vc_row full_width=\u00a0\u00bbstretch_row\u00a0\u00bb bg_type=\u00a0\u00bbimage\u00a0\u00bb parallax_style=\u00a0\u00bbvcpb-vz-jquery\u00a0\u00bb bg_image_new=\u00a0\u00bbid^2268|url^https:\/\/www.oconnection.fr\/wp-content\/uploads\/2026\/02\/vlcsnap-2026-02-02-12h27m10s422.jpg|caption^null|alt^null|title^vlcsnap-2026-02-02-12h27m10s422|description^null\u00a0\u00bb bg_image_repeat=\u00a0\u00bbno-repeat\u00a0\u00bb bg_override=\u00a0\u00bbfull\u00a0\u00bb disable_on_mobile_img_parallax=\u00a0\u00bbdisable_on_mobile_img_parallax_value\u00a0\u00bb fadeout_row=\u00a0\u00bbfadeout_row_value\u00a0\u00bb enable_overlay=\u00a0\u00bbenable_overlay_value\u00a0\u00bb overlay_color=\u00a0\u00bb#000000&Prime; overlay_pattern_opacity=\u00a0\u00bb40&Prime; css=\u00a0\u00bb.vc_custom_1770047135642{padding-top: 200px !important;padding-bottom: 200px !important;}\u00a0\u00bb][vc_column offset=\u00a0\u00bbvc_col-lg-offset-1 vc_col-lg-10 vc_col-md-offset-1 vc_col-md-10 vc_col-sm-offset-0&Prime;]<div id=\"ultimate-heading-914669f2185fcef4d\" class=\"uvc-heading ult-adjust-bottom-margin ultimate-heading-914669f2185fcef4d uvc-8677 \" data-hspacer=\"line_only\"  data-halign=\"center\" style=\"text-align:center\"><div class=\"uvc-main-heading ult-responsive\"  data-ultimate-target='.uvc-heading.ultimate-heading-914669f2185fcef4d h3'  data-responsive-json-new='{\"font-size\":\"desktop:42px;mobile_landscape:34px;mobile:30px;\",\"line-height\":\"desktop:52px;mobile_landscape:44px;mobile:35px;\"}' ><h3 style=\"font-weight:bold;color:#FFFFFF;\">Cr\u00e9ativit\u00e9, innovation et ROI au c\u0153ur des dispositifs<\/h3><\/div><div class=\"uvc-heading-spacer line_only\" style=\"margin-top:30px;margin-bottom:30px;height:2px;\"><span class=\"uvc-headings-line\" style=\"border-style:solid;border-bottom-width:2px;border-color:#FFFFFF;width:250px;\"><\/span><\/div><\/div>[vc_column_text css=\u00a0\u00bb\u00a0\u00bb]<\/p>\n<div style=\"color: #ffffff;\">\n<p><strong>Notre exigence est claire : concevoir des exp\u00e9riences cr\u00e9atives, utiles et mesurables.<\/strong><\/p>\n<p>Chaque projet est pens\u00e9 pour g\u00e9n\u00e9rer un retour sur investissement concret, en combinant innovation de formats, activation de technologies (IA, AR, VR, hybridation), amplification des contenus et pilotage pr\u00e9cis des KPI avant, pendant et apr\u00e8s l\u2019\u00e9v\u00e9nement.<\/p>\n<\/div>\n<p>[\/vc_column_text][\/vc_column][\/vc_row][vc_row][vc_column][vc_column_text]<\/p>\n<p>[\/vc_column_text][\/vc_column][\/vc_row][vc_row css=\u00a0\u00bb.vc_custom_1760000200006{padding-top: 50px !important;padding-bottom: 40px !important;}\u00a0\u00bb][vc_column offset=\u00a0\u00bbvc_col-lg-offset-1 vc_col-lg-10 vc_col-md-offset-1 vc_col-md-10 vc_col-sm-offset-0&Prime;][vc_row_inner][vc_column_inner width=\u00a0\u00bb2\/5&Prime;]<div id=\"ultimate-heading-760769f2185fcefc7\" class=\"uvc-heading ult-adjust-bottom-margin ultimate-heading-760769f2185fcefc7 uvc-3863 \" data-hspacer=\"line_only\"  data-halign=\"center\" style=\"text-align:center\"><div class=\"uvc-main-heading ult-responsive\"  data-ultimate-target='.uvc-heading.ultimate-heading-760769f2185fcefc7 h3'  data-responsive-json-new='{\"font-size\":\"desktop:42px;mobile_landscape:34px;mobile:30px;\",\"line-height\":\"desktop:52px;mobile_landscape:44px;mobile:35px;\"}' ><h3 style=\"font-weight:bold;color:#333333;\">Une ma\u00eetrise compl\u00e8te de la cha\u00eene de valeur<\/h3><\/div><div class=\"uvc-heading-spacer line_only\" style=\"margin-top:30px;margin-bottom:30px;height:2px;\"><span class=\"uvc-headings-line\" style=\"border-style:solid;border-bottom-width:2px;border-color:#000000;width:250px;\"><\/span><\/div><\/div>[\/vc_column_inner][vc_column_inner width=\u00a0\u00bb3\/5&Prime;][vc_column_text css=\u00a0\u00bb\u00a0\u00bb]<strong>\u00d8CONNECTION ma\u00eetrise l\u2019ensemble des m\u00e9tiers de l\u2019\u00e9v\u00e9nementiel gr\u00e2ce \u00e0 une expertise int\u00e9gr\u00e9e de bout en bout :<\/strong> conseil strat\u00e9gique, cr\u00e9ation et conception, production et logistique, animation et activation, pilotage op\u00e9rationnel, analyse de la performance.<\/p>\n<p><strong>Notre p\u00f4le cr\u00e9atif et production int\u00e9gr\u00e9 fait la diff\u00e9rence :<\/strong> rapidit\u00e9 d\u2019ex\u00e9cution, coh\u00e9rence des messages, ma\u00eetrise des co\u00fbts, qualit\u00e9 constante \u2014 sans d\u00e9pendance \u00e0 une sous-traitance cr\u00e9ative.[\/vc_column_text][\/vc_column_inner][\/vc_row_inner][\/vc_column][\/vc_row][vc_row][vc_column][vc_column_text]<\/p>\n<p>[\/vc_column_text][\/vc_column][\/vc_row][vc_row bg_type=\u00a0\u00bbimage\u00a0\u00bb parallax_style=\u00a0\u00bbvcpb-vz-jquery\u00a0\u00bb bg_image_new=\u00a0\u00bbid^2280|url^https:\/\/www.oconnection.fr\/wp-content\/uploads\/2026\/02\/vlcsnap-2026-02-02-14h06m29s896.jpg|caption^null|alt^null|title^vlcsnap-2026-02-02-14h06m29s896|description^null\u00a0\u00bb bg_override=\u00a0\u00bbex-full\u00a0\u00bb fadeout_row=\u00a0\u00bbfadeout_row_value\u00a0\u00bb enable_overlay=\u00a0\u00bbenable_overlay_value\u00a0\u00bb overlay_color=\u00a0\u00bb#000000&Prime; overlay_pattern_opacity=\u00a0\u00bb60&Prime; css=\u00a0\u00bb.vc_custom_1770049833603{padding-top: 80px !important;padding-bottom: 80px !important;}\u00a0\u00bb][vc_column offset=\u00a0\u00bbvc_col-lg-offset-1 vc_col-lg-10 vc_col-md-offset-1 vc_col-md-10 vc_col-sm-offset-0&Prime;]<div id=\"ultimate-heading-597169f2185fcf02d\" class=\"uvc-heading ult-adjust-bottom-margin ultimate-heading-597169f2185fcf02d uvc-8785 \" data-hspacer=\"line_only\"  data-halign=\"center\" style=\"text-align:center\"><div class=\"uvc-main-heading ult-responsive\"  data-ultimate-target='.uvc-heading.ultimate-heading-597169f2185fcf02d h3'  data-responsive-json-new='{\"font-size\":\"desktop:42px;mobile_landscape:34px;mobile:30px;\",\"line-height\":\"desktop:52px;mobile_landscape:44px;mobile:35px;\"}' ><h3 style=\"font-weight:bold;color:#FFFFFF;\">Une agence ind\u00e9pendante, agile et humaine<\/h3><\/div><div class=\"uvc-heading-spacer line_only\" style=\"margin-top:30px;margin-bottom:30px;height:2px;\"><span class=\"uvc-headings-line\" style=\"border-style:solid;border-bottom-width:2px;border-color:#FFFFFF;width:250px;\"><\/span><\/div><\/div>[vc_column_text css=\u00a0\u00bb\u00a0\u00bb]<\/p>\n<div style=\"color: #ffffff;\"><strong>Ind\u00e9pendants de tout groupe, nous allions agilit\u00e9 et r\u00e9activit\u00e9 au service des enjeux de nos clients.<\/strong><\/div>\n<div style=\"color: #ffffff;\"><strong>Notre dimension humaine favorise la proximit\u00e9, l\u2019adaptation et une fid\u00e9lisation durable.<\/strong><\/div>\n<p>[\/vc_column_text][\/vc_column][\/vc_row][vc_row][vc_column][vc_column_text]<\/p>\n<p>[\/vc_column_text][\/vc_column][\/vc_row][vc_row css=\u00a0\u00bb.vc_custom_1760000200009{padding-top: 50px !important;padding-bottom: 40px !important;}\u00a0\u00bb][vc_column offset=\u00a0\u00bbvc_col-lg-offset-1 vc_col-lg-10 vc_col-md-offset-1 vc_col-md-10 vc_col-sm-offset-0&Prime;][vc_row_inner][vc_column_inner width=\u00a0\u00bb2\/5&Prime;]<div id=\"ultimate-heading-930969f2185fcf071\" class=\"uvc-heading ult-adjust-bottom-margin ultimate-heading-930969f2185fcf071 uvc-5938 \" data-hspacer=\"line_only\"  data-halign=\"center\" style=\"text-align:center\"><div class=\"uvc-main-heading ult-responsive\"  data-ultimate-target='.uvc-heading.ultimate-heading-930969f2185fcf071 h3'  data-responsive-json-new='{\"font-size\":\"desktop:42px;mobile_landscape:34px;mobile:30px;\",\"line-height\":\"desktop:52px;mobile_landscape:44px;mobile:35px;\"}' ><h3 style=\"font-weight:bold;color:#333333;\">Une approche responsable et durable<\/h3><\/div><div class=\"uvc-heading-spacer line_only\" style=\"margin-top:30px;margin-bottom:30px;height:2px;\"><span class=\"uvc-headings-line\" style=\"border-style:solid;border-bottom-width:2px;border-color:#000000;width:250px;\"><\/span><\/div><\/div>[\/vc_column_inner][vc_column_inner width=\u00a0\u00bb3\/5&Prime;][vc_column_text css=\u00a0\u00bb\u00a0\u00bb]La RSE est pleinement int\u00e9gr\u00e9e \u00e0 nos dispositifs \u00e9v\u00e9nementiels.<\/p>\n<p><strong>Certifi\u00e9e ISO 20121, l\u2019agence con\u00e7oit des \u00e9v\u00e9nements plus responsables,<\/strong> conciliant performance \u00e9conomique, r\u00e9duction des impacts environnementaux, \u00e9co-conception, achats responsables et engagement soci\u00e9tal.[\/vc_column_text][\/vc_column_inner][\/vc_row_inner][\/vc_column][\/vc_row][vc_row][vc_column][vc_column_text]<\/p>\n<p>[\/vc_column_text][\/vc_column][\/vc_row][vc_row bg_type=\u00a0\u00bbgrad\u00a0\u00bb bg_override=\u00a0\u00bbex-full\u00a0\u00bb css=\u00a0\u00bb.vc_custom_1760000200010{padding-top: 50px !important;padding-bottom: 50px !important;}\u00a0\u00bb bg_grad=\u00a0\u00bbbackground: -webkit-gradient(linear, left top, left bottom, color-stop(0%, #070C30), color-stop(100%, #365CCF));background: -moz-linear-gradient(left,#070C30 0%,#365CCF 100%);background: -webkit-linear-gradient(left,#070C30 0%,#365CCF 100%);background: -o-linear-gradient(left,#070C30 0%,#365CCF 100%);background: -ms-linear-gradient(left,#070C30 0%,#365CCF 100%);background: linear-gradient(left,#070C30 0%,#365CCF 100%);\u00a0\u00bb][vc_column offset=\u00a0\u00bbvc_col-lg-offset-1 vc_col-lg-10 vc_col-md-offset-1 vc_col-md-10 vc_col-sm-offset-0&Prime;]<div id=\"ultimate-heading-839369f2185fcf0b0\" class=\"uvc-heading ult-adjust-bottom-margin ultimate-heading-839369f2185fcf0b0 uvc-2471 \" data-hspacer=\"line_only\"  data-halign=\"center\" style=\"text-align:center\"><div class=\"uvc-main-heading ult-responsive\"  data-ultimate-target='.uvc-heading.ultimate-heading-839369f2185fcf0b0 h3'  data-responsive-json-new='{\"font-size\":\"desktop:42px;mobile_landscape:34px;mobile:30px;\",\"line-height\":\"desktop:52px;mobile_landscape:44px;mobile:35px;\"}' ><h3 style=\"font-weight:bold;color:#FFFFFF;\">L\u2019\u00e9v\u00e9nement au c\u0153ur des strat\u00e9gies globales<\/h3><\/div><div class=\"uvc-heading-spacer line_only\" style=\"margin-top:30px;margin-bottom:30px;height:2px;\"><span class=\"uvc-headings-line\" style=\"border-style:solid;border-bottom-width:2px;border-color:#FFFFFF;width:250px;\"><\/span><\/div><\/div>[vc_column_text css=\u00a0\u00bb\u00a0\u00bb]<\/p>\n<div style=\"color: #ffffff;\">\n<p><strong>Gr\u00e2ce \u00e0 notre organisation multi-expertises, l\u2019\u00e9v\u00e9nement s\u2019int\u00e8gre naturellement \u00e0 des strat\u00e9gies globales m\u00ealant media, digital, RP &amp; influence, pour maximiser l\u2019impact et la visibilit\u00e9.<\/strong><\/p>\n<\/div>\n<p>[\/vc_column_text][\/vc_column][\/vc_row][vc_row][vc_column][vc_column_text]<\/p>\n<p>[\/vc_column_text][\/vc_column][\/vc_row][vc_row css=\u00a0\u00bb.vc_custom_1760000200012{padding-top: 50px !important;padding-bottom: 40px !important;}\u00a0\u00bb][vc_column offset=\u00a0\u00bbvc_col-lg-offset-1 vc_col-lg-10 vc_col-md-offset-1 vc_col-md-10 vc_col-sm-offset-0&Prime;][vc_row_inner][vc_column_inner width=\u00a0\u00bb2\/3&Prime;]<div id=\"ultimate-heading-524069f2185fcf128\" class=\"uvc-heading ult-adjust-bottom-margin ultimate-heading-524069f2185fcf128 uvc-8333 \" data-hspacer=\"line_only\"  data-halign=\"center\" style=\"text-align:center\"><div class=\"uvc-main-heading ult-responsive\"  data-ultimate-target='.uvc-heading.ultimate-heading-524069f2185fcf128 h3'  data-responsive-json-new='{\"font-size\":\"desktop:42px;mobile_landscape:34px;mobile:30px;\",\"line-height\":\"desktop:52px;mobile_landscape:44px;mobile:35px;\"}' ><h3 style=\"font-weight:bold;color:#333333;\">Nos expertises \u00e9v\u00e9nementielles<\/h3><\/div><div class=\"uvc-heading-spacer line_only\" style=\"margin-top:30px;margin-bottom:30px;height:2px;\"><span class=\"uvc-headings-line\" style=\"border-style:solid;border-bottom-width:2px;border-color:#000000;width:250px;\"><\/span><\/div><\/div>[vc_column_text css=\u00a0\u00bb.vc_custom_1770049668254{margin-bottom: 40px !important;}\u00a0\u00bb]<strong>Grands \u00e9v\u00e9nements de marque \u00b7 Tourn\u00e9es et activations \u00b7 Retail &amp; pop-up stores \u00b7 \u00c9v\u00e9nements presse &amp; influence \u00b7 Lancements de produits \u00b7 S\u00e9minaires et conventions \u00b7 Formats B2C, B2B, immersifs et hybrides \u00b7 Int\u00e9gration de technologies innovantes (IA, AR, VR\u2026)<\/strong>[\/vc_column_text][\/vc_column_inner][vc_column_inner width=\u00a0\u00bb1\/3&Prime;]<div id=\"ultimate-heading-903169f2185fcf173\" class=\"uvc-heading ult-adjust-bottom-margin ultimate-heading-903169f2185fcf173 uvc-6232 \" data-hspacer=\"line_only\"  data-halign=\"center\" style=\"text-align:center\"><div class=\"uvc-main-heading ult-responsive\"  data-ultimate-target='.uvc-heading.ultimate-heading-903169f2185fcf173 h3'  data-responsive-json-new='{\"font-size\":\"desktop:42px;mobile_landscape:34px;mobile:30px;\",\"line-height\":\"desktop:52px;mobile_landscape:44px;mobile:35px;\"}' ><h3 style=\"font-weight:bold;color:#333333;\">Chiffres cl\u00e9s<\/h3><\/div><div class=\"uvc-heading-spacer line_only\" style=\"margin-top:30px;margin-bottom:30px;height:2px;\"><span class=\"uvc-headings-line\" style=\"border-style:solid;border-bottom-width:2px;border-color:#000000;width:250px;\"><\/span><\/div><\/div>[vc_column_text css=\u00a0\u00bb.vc_custom_1770049679138{margin-bottom: 40px !important;}\u00a0\u00bb]<\/p>\n<p style=\"text-align: center;\"><strong>+100 \u00e9v\u00e9nements<\/strong><br \/>\npar an<\/p>\n<p style=\"text-align: center;\"><strong>+500 jours<\/strong><br \/>\nd\u2019activations accompagn\u00e9es<\/p>\n<p style=\"text-align: center;\"><strong>40 experts d\u00e9di\u00e9s<\/strong><\/p>\n<p>[\/vc_column_text][\/vc_column_inner][\/vc_row_inner][\/vc_column][\/vc_row][vc_row][vc_column][vc_column_text]<\/p>\n<p>[\/vc_column_text][\/vc_column][\/vc_row][vc_row full_width=\u00a0\u00bbstretch_row\u00a0\u00bb bg_type=\u00a0\u00bbimage\u00a0\u00bb parallax_style=\u00a0\u00bbvcpb-vz-jquery\u00a0\u00bb bg_image_new=\u00a0\u00bbid^2274|url^https:\/\/www.oconnection.fr\/wp-content\/uploads\/2026\/02\/vlcsnap-2026-02-02-14h09m01s826.jpg|caption^null|alt^null|title^vlcsnap-2026-02-02-14h09m01s826|description^null\u00a0\u00bb bg_image_repeat=\u00a0\u00bbno-repeat\u00a0\u00bb bg_override=\u00a0\u00bbfull\u00a0\u00bb disable_on_mobile_img_parallax=\u00a0\u00bbdisable_on_mobile_img_parallax_value\u00a0\u00bb fadeout_row=\u00a0\u00bbfadeout_row_value\u00a0\u00bb enable_overlay=\u00a0\u00bbenable_overlay_value\u00a0\u00bb overlay_color=\u00a0\u00bb#000000&Prime; overlay_pattern_opacity=\u00a0\u00bb40&Prime; css=\u00a0\u00bb.vc_custom_1770047936918{padding-top: 200px !important;padding-bottom: 200px !important;}\u00a0\u00bb][vc_column offset=\u00a0\u00bbvc_col-lg-offset-1 vc_col-lg-10 vc_col-md-offset-1 vc_col-md-10 vc_col-sm-offset-0&Prime;]<div id=\"ultimate-heading-842769f2185fcf1b3\" class=\"uvc-heading ult-adjust-bottom-margin ultimate-heading-842769f2185fcf1b3 uvc-4713 \" data-hspacer=\"line_only\"  data-halign=\"center\" style=\"text-align:center\"><div class=\"uvc-main-heading ult-responsive\"  data-ultimate-target='.uvc-heading.ultimate-heading-842769f2185fcf1b3 h3'  data-responsive-json-new='{\"font-size\":\"desktop:42px;mobile_landscape:34px;mobile:30px;\",\"line-height\":\"desktop:52px;mobile_landscape:44px;mobile:35px;\"}' ><h3 style=\"font-weight:bold;color:#FFFFFF;\">Pourquoi choisir \u00d8CONNECTION<\/h3><\/div><div class=\"uvc-heading-spacer line_only\" style=\"margin-top:30px;margin-bottom:30px;height:2px;\"><span class=\"uvc-headings-line\" style=\"border-style:solid;border-bottom-width:2px;border-color:#FFFFFF;width:250px;\"><\/span><\/div><\/div>[vc_column_text css=\u00a0\u00bb\u00a0\u00bb]<\/p>\n<div style=\"color: #ffffff;\">\n<ul>\n<li>Vision strat\u00e9gique multi-expertises<\/li>\n<li>Cr\u00e9ativit\u00e9 pilot\u00e9e par le ROI<\/li>\n<li>Innovation utile et ma\u00eetris\u00e9e<\/li>\n<li>Engagement RSE certifi\u00e9<\/li>\n<li>Ind\u00e9pendance, libert\u00e9 et efficacit\u00e9<\/li>\n<\/ul>\n<p><strong style=\"color: #ffffff;\">Performance, engagement, transformation : l\u2019\u00e9v\u00e9nement comme acc\u00e9l\u00e9rateur.<\/strong><\/p>\n<\/div>\n<p>[\/vc_column_text][\/vc_column][\/vc_row]<\/p>\n<\/div>","protected":false},"excerpt":{"rendered":"<p>[vc_row css=\u00a0\u00bb.vc_custom_1760000200001{padding-top: 60px !important;padding-bottom: 20px !important;}\u00a0\u00bb][vc_column offset=\u00a0\u00bbvc_col-lg-offset-1 vc_col-lg-10 vc_col-md-offset-1 vc_col-md-10 vc_col-sm-offset-0&Prime;][\/vc_column][\/vc_row][vc_row][vc_column][vc_column_text] [\/vc_column_text][\/vc_column][\/vc_row][vc_row css=\u00a0\u00bb.vc_custom_1760000200003{padding-top: 40px !important;padding-bottom: 30px !important;}\u00a0\u00bb][vc_column offset=\u00a0\u00bbvc_col-lg-offset-1 vc_col-lg-10 vc_col-md-offset-1 vc_col-md-10 vc_col-sm-offset-0&Prime;][vc_row_inner][vc_column_inner][vc_column_text css=\u00a0\u00bb.vc_custom_1770046582432{margin-bottom: 40px !important;}\u00a0\u00bb]Chaque \u00e9v\u00e9nement s\u2019inscrit dans un \u00e9cosyst\u00e8me associant m\u00e9dia, digital, RP &amp; influence. Pens\u00e9 comme une exp\u00e9rience sociale, hybride et amplifi\u00e9e, il cr\u00e9e un lien \u00e9motionnel fort et se prolonge gr\u00e2ce \u00e0&hellip;<\/p>\n","protected":false},"author":2,"featured_media":0,"parent":0,"menu_order":0,"comment_status":"closed","ping_status":"closed","template":"template-microsite.php","meta":{"inline_featured_image":false,"footnotes":""},"class_list":["post-2205","page","type-page","status-publish","hentry","description-off"],"_links":{"self":[{"href":"https:\/\/www.oconnection.fr\/index.php\/wp-json\/wp\/v2\/pages\/2205","targetHints":{"allow":["GET"]}}],"collection":[{"href":"https:\/\/www.oconnection.fr\/index.php\/wp-json\/wp\/v2\/pages"}],"about":[{"href":"https:\/\/www.oconnection.fr\/index.php\/wp-json\/wp\/v2\/types\/page"}],"author":[{"embeddable":true,"href":"https:\/\/www.oconnection.fr\/index.php\/wp-json\/wp\/v2\/users\/2"}],"replies":[{"embeddable":true,"href":"https:\/\/www.oconnection.fr\/index.php\/wp-json\/wp\/v2\/comments?post=2205"}],"version-history":[{"count":42,"href":"https:\/\/www.oconnection.fr\/index.php\/wp-json\/wp\/v2\/pages\/2205\/revisions"}],"predecessor-version":[{"id":2681,"href":"https:\/\/www.oconnection.fr\/index.php\/wp-json\/wp\/v2\/pages\/2205\/revisions\/2681"}],"wp:attachment":[{"href":"https:\/\/www.oconnection.fr\/index.php\/wp-json\/wp\/v2\/media?parent=2205"}],"curies":[{"name":"wp","href":"https:\/\/api.w.org\/{rel}","templated":true}]}}