{"id":1856,"date":"2024-07-11T17:17:53","date_gmt":"2024-07-11T15:17:53","guid":{"rendered":"https:\/\/www.oconnection.fr\/?page_id=1856"},"modified":"2026-01-10T18:49:38","modified_gmt":"2026-01-10T17:49:38","slug":"engagement-rse","status":"publish","type":"page","link":"https:\/\/www.oconnection.fr\/index.php\/engagement-rse\/","title":{"rendered":"Engagements"},"content":{"rendered":"<div class=\"wpb-content-wrapper\"><p>[vc_row css=\u00a0\u00bb.vc_custom_1750230449520{padding-top: 60px !important;padding-bottom: 20px !important;}\u00a0\u00bb][vc_column]<div id=\"ultimate-heading-864069f6cddad1e97\" class=\"uvc-heading ult-adjust-bottom-margin ultimate-heading-864069f6cddad1e97 uvc-3066 \" data-hspacer=\"line_only\"  data-halign=\"center\" style=\"text-align:center\"><div class=\"uvc-main-heading ult-responsive\"  data-ultimate-target='.uvc-heading.ultimate-heading-864069f6cddad1e97 h1'  data-responsive-json-new='{\"font-size\":\"desktop:42px;mobile_landscape:34px;mobile:30px;\",\"line-height\":\"desktop:52px;mobile_landscape:44px;mobile:35px;\"}' ><h1 style=\"font-weight:bold;\">Une agence responsable, performante et engag\u00e9e<\/h1><\/div><div class=\"uvc-heading-spacer line_only\" style=\"margin-top:30px;margin-bottom:30px;height:2px;\"><span class=\"uvc-headings-line\" style=\"border-style:solid;border-bottom-width:2px;border-color:#000000;width:250px;\"><\/span><\/div><\/div><div id=\"ultimate-heading-239669f6cddad1f0d\" class=\"uvc-heading ult-adjust-bottom-margin ultimate-heading-239669f6cddad1f0d uvc-7161 \" data-hspacer=\"no_spacer\"  data-halign=\"center\" style=\"text-align:center\"><div class=\"uvc-heading-spacer no_spacer\" style=\"top\"><\/div><div class=\"uvc-sub-heading ult-responsive\"  data-ultimate-target='.uvc-heading.ultimate-heading-239669f6cddad1f0d .uvc-sub-heading '  data-responsive-json-new='{\"font-size\":\"desktop:21px;mobile_landscape:18px;mobile:18px;\",\"line-height\":\"desktop:30px;mobile_landscape:25px;mobile:22px;\"}'  style=\"font-style:italic;font-weight:bold;color:#515151;margin-bottom:40px;\"><\/p>\n<p style=\"text-align: left;\">Chez \u00d8CONNECTION, nos engagements guident chacune de nos d\u00e9cisions. Agiles, ind\u00e9pendants et anim\u00e9s par une forte culture du collectif, nous d\u00e9fendons une communication utile, sinc\u00e8re et responsable, au service de la performance de nos clients et d\u2019un impact positif durable.<\/p>\n<p><\/div><\/div>[vc_row_inner css=\u00a0\u00bb.vc_custom_1750255749135{margin-bottom: 30px !important;}\u00a0\u00bb][vc_column_inner width=\u00a0\u00bb1\/2&Prime;][vc_column_text css=\u00a0\u00bb.vc_custom_1767974592569{padding-top: 10px !important;}\u00a0\u00bb]<\/p>\n<div style=\"color: #515151;\">\n<h3>Nos convictions<\/h3>\n<p>Nous croyons \u00e0 un mod\u00e8le o\u00f9 <strong>l\u2019humain, la responsabilit\u00e9 et l\u2019innovation<\/strong> avancent ensemble.<\/p>\n<\/div>\n<p>Notre expertise repose sur :<\/p>\n<ul>\n<li>l\u2019agilit\u00e9 et la r\u00e9activit\u00e9 d\u2019une structure entrepreneuriale,<\/li>\n<li>l\u2019exigence de la performance mesurable,<\/li>\n<li>la transparence dans nos relations,<\/li>\n<li>la co-construction avec nos clients et partenaires,<\/li>\n<li>la pertinence strat\u00e9gique de chaque action men\u00e9e.<\/li>\n<\/ul>\n<div style=\"color: #515151;\"><\/div>\n<p>[\/vc_column_text][\/vc_column_inner][vc_column_inner width=\u00a0\u00bb1\/2&Prime;][vc_column_text css=\u00a0\u00bb.vc_custom_1767974649282{padding-top: 10px !important;}\u00a0\u00bb]<\/p>\n<div style=\"color: #515151;\">\n<h3>Une responsabilit\u00e9 assum\u00e9e<\/h3>\n<p>La responsabilit\u00e9 soci\u00e9tale est une <strong>conviction strat\u00e9gique<\/strong>, int\u00e9gr\u00e9e \u00e0 l\u2019ensemble de nos expertises : media, RP &amp; influence, \u00e9v\u00e9nementiel.<br \/>\nDepuis plusieurs ann\u00e9es, notre d\u00e9marche RSE structure nos choix, nos m\u00e9thodes et nos projets.<\/p>\n<p>Certifi\u00e9e <strong>ISO 20121<\/strong> pour notre activit\u00e9 \u00e9v\u00e9nementielle et \u00e9valu\u00e9e <strong>EcoVadis<\/strong> pour l\u2019ensemble de nos activit\u00e9s, l\u2019agence place la <strong>cr\u00e9ativit\u00e9 responsable<\/strong> au c\u0153ur de son mod\u00e8le.<\/p>\n<\/div>\n<p>[\/vc_column_text][\/vc_column_inner][\/vc_row_inner][\/vc_column][\/vc_row][vc_row css=\u00a0\u00bb.vc_custom_1750230449520{padding-top: 60px !important;padding-bottom: 20px !important;}\u00a0\u00bb][vc_column]<div id=\"ultimate-heading-326169f6cddad1f45\" class=\"uvc-heading ult-adjust-bottom-margin ultimate-heading-326169f6cddad1f45 uvc-7428 \" data-hspacer=\"line_only\"  data-halign=\"center\" style=\"text-align:center\"><div class=\"uvc-main-heading ult-responsive\"  data-ultimate-target='.uvc-heading.ultimate-heading-326169f6cddad1f45 h3'  data-responsive-json-new='{\"font-size\":\"desktop:42px;mobile_landscape:34px;mobile:30px;\",\"line-height\":\"desktop:52px;mobile_landscape:44px;mobile:35px;\"}' ><h3 style=\"font-weight:bold;\">Une d\u00e9marche RSE structur\u00e9e et incarn\u00e9e<\/h3><\/div><div class=\"uvc-heading-spacer line_only\" style=\"margin-top:30px;margin-bottom:30px;height:2px;\"><span class=\"uvc-headings-line\" style=\"border-style:solid;border-bottom-width:2px;border-color:#000000;width:250px;\"><\/span><\/div><\/div>[vc_row_inner css=\u00a0\u00bb.vc_custom_1750255749135{margin-bottom: 30px !important;}\u00a0\u00bb][vc_column_inner width=\u00a0\u00bb1\/2&Prime;][vc_column_text css=\u00a0\u00bb.vc_custom_1767974953796{padding-top: 10px !important;}\u00a0\u00bb]<\/p>\n<h3>Notre politique RSE<\/h3>\n<p>Notre politique RSE est pilot\u00e9e par un comit\u00e9 d\u00e9di\u00e9, impliquant collaborateurs et partenaires, avec :<\/p>\n<ul>\n<li>une gouvernance claire et engag\u00e9e,<\/li>\n<li>des objectifs progressifs d\u2019am\u00e9lioration continue,<\/li>\n<li>un dialogue constant avec nos parties prenantes,<\/li>\n<li>une \u00e9valuation et une mesure r\u00e9guli\u00e8res de nos impacts.<\/li>\n<\/ul>\n<p>[\/vc_column_text][\/vc_column_inner][vc_column_inner width=\u00a0\u00bb1\/2&Prime;][vc_column_text css=\u00a0\u00bb.vc_custom_1767975040872{padding-top: 10px !important;}\u00a0\u00bb]<\/p>\n<div style=\"color: #515151;\">\n<h3>Trois piliers d&rsquo;action<\/h3>\n<ul>\n<li><strong>Pour l\u2019humain<\/strong> : diversit\u00e9, inclusion, bien-\u00eatre, mont\u00e9e en comp\u00e9tences<\/li>\n<li><strong>Pour la soci\u00e9t\u00e9<\/strong> : \u00e9thique, ancrage local, engagement associatif et solidaire<\/li>\n<li><strong>Pour la plan\u00e8te<\/strong> : \u00e9co-conception, r\u00e9duction et valorisation des d\u00e9chets, achats responsables<\/li>\n<\/ul>\n<\/div>\n<p>[\/vc_column_text][\/vc_column_inner][\/vc_row_inner][\/vc_column][\/vc_row][vc_row css=\u00a0\u00bb.vc_custom_1750230449520{padding-top: 60px !important;padding-bottom: 20px !important;}\u00a0\u00bb][vc_column]<div id=\"ultimate-heading-377769f6cddad1f8f\" class=\"uvc-heading ult-adjust-bottom-margin ultimate-heading-377769f6cddad1f8f uvc-6766 \" data-hspacer=\"line_only\"  data-halign=\"center\" style=\"text-align:center\"><div class=\"uvc-main-heading ult-responsive\"  data-ultimate-target='.uvc-heading.ultimate-heading-377769f6cddad1f8f h3'  data-responsive-json-new='{\"font-size\":\"desktop:42px;mobile_landscape:34px;mobile:30px;\",\"line-height\":\"desktop:52px;mobile_landscape:44px;mobile:35px;\"}' ><h3 style=\"font-weight:bold;\">Nos valeurs au quotidien<\/h3><\/div><div class=\"uvc-heading-spacer line_only\" style=\"margin-top:30px;margin-bottom:30px;height:2px;\"><span class=\"uvc-headings-line\" style=\"border-style:solid;border-bottom-width:2px;border-color:#000000;width:250px;\"><\/span><\/div><\/div>[vc_row_inner css=\u00a0\u00bb.vc_custom_1750255749135{margin-bottom: 30px !important;}\u00a0\u00bb][vc_column_inner width=\u00a0\u00bb1\/3&Prime;][vc_column_text css=\u00a0\u00bb.vc_custom_1767977769179{padding-top: 10px !important;}\u00a0\u00bb]<\/p>\n<h3>Nos priorit\u00e9s<\/h3>\n<p><strong>Cinq enjeux<\/strong> structurent l\u2019ensemble de nos actions et expertises :<\/p>\n<ul>\n<li>Inclure, rendre accessible et diversifier<\/li>\n<li>Favoriser le bien-\u00eatre au travail<\/li>\n<li>Acheter de mani\u00e8re responsable<\/li>\n<li>R\u00e9duire et valoriser les d\u00e9chets<\/li>\n<li>Concilier performance \u00e9conomique et durabilit\u00e9<\/li>\n<\/ul>\n<p>[\/vc_column_text][\/vc_column_inner][vc_column_inner width=\u00a0\u00bb1\/3&Prime;][vc_column_text css=\u00a0\u00bb.vc_custom_1767977449047{padding-top: 10px !important;}\u00a0\u00bb]<\/p>\n<h3>Une culture de la sinc\u00e9rit\u00e9 et de l\u2019impact<\/h3>\n<p>Nous concevons des strat\u00e9gies et des messages <strong>authentiques<\/strong>, align\u00e9s avec les valeurs de nos clients.<\/p>\n<p>La sinc\u00e9rit\u00e9, l\u2019exigence et la coh\u00e9rence sont les fondements de relations durables avec les marques, les institutions et leurs publics.[\/vc_column_text][\/vc_column_inner][vc_column_inner width=\u00a0\u00bb1\/3&Prime;][vc_column_text css=\u00a0\u00bb.vc_custom_1767977746114{padding-top: 10px !important;}\u00a0\u00bb]<\/p>\n<h3>Un engagement vivant<\/h3>\n<p>Notre engagement est <strong>collectif, mesurable et \u00e9volutif<\/strong>.<\/p>\n<p>Bien plus qu\u2019un cadre ou une certification, il constitue une <strong>boussole strat\u00e9gique<\/strong> pour anticiper, transformer et construire une communication plus responsable et plus performante.[\/vc_column_text][\/vc_column_inner][\/vc_row_inner][\/vc_column][\/vc_row][vc_row css=\u00a0\u00bb.vc_custom_1750230449520{padding-top: 60px !important;padding-bottom: 20px !important;}\u00a0\u00bb][vc_column][vc_btn title=\u00a0\u00bbT\u00e9l\u00e9charger notre politique de d\u00e9veloppement durable et de responsabilit\u00e9 soci\u00e9tale\u00a0\u00bb color=\u00a0\u00bbblack\u00a0\u00bb align=\u00a0\u00bbcenter\u00a0\u00bb i_icon_fontawesome=\u00a0\u00bbfa fa-regular fa-file-pdf\u00a0\u00bb css=\u00a0\u00bb\u00a0\u00bb add_icon=\u00a0\u00bbtrue\u00a0\u00bb link=\u00a0\u00bburl:https%3A%2F%2Fwww.oconnection.fr%2Fwp-content%2Fuploads%2F2025%2F06%2FOconnection_Politique_DD_V4_2025.pdf|target:_blank\u00a0\u00bb]<div class=\"ult-spacer spacer-69f6cddad1fd8\" data-id=\"69f6cddad1fd8\" data-height=\"10\" data-height-mobile=\"10\" data-height-tab=\"10\" data-height-tab-portrait=\"\" data-height-mobile-landscape=\"\" style=\"clear:both;display:block;\"><\/div>[vc_btn title=\u00a0\u00bbT\u00e9l\u00e9charger notre rapport RSE 2024&Prime; color=\u00a0\u00bbblack\u00a0\u00bb align=\u00a0\u00bbcenter\u00a0\u00bb i_icon_fontawesome=\u00a0\u00bbfa fa-regular fa-file-pdf\u00a0\u00bb css=\u00a0\u00bb\u00a0\u00bb add_icon=\u00a0\u00bbtrue\u00a0\u00bb link=\u00a0\u00bburl:https%3A%2F%2Fwww.oconnection.fr%2Fwp-content%2Fuploads%2F2025%2F06%2FOconnection_Rapport_RSE_2024.pdf|target:_blank\u00a0\u00bb]<div class=\"ult-spacer spacer-69f6cddad1fe5\" data-id=\"69f6cddad1fe5\" data-height=\"10\" data-height-mobile=\"10\" data-height-tab=\"10\" data-height-tab-portrait=\"\" data-height-mobile-landscape=\"\" style=\"clear:both;display:block;\"><\/div>[vc_btn title=\u00a0\u00bbT\u00e9l\u00e9charger notre charte RSE et \u00e9thique\u00a0\u00bb color=\u00a0\u00bbblack\u00a0\u00bb align=\u00a0\u00bbcenter\u00a0\u00bb i_icon_fontawesome=\u00a0\u00bbfa fa-regular fa-file-pdf\u00a0\u00bb css=\u00a0\u00bb\u00a0\u00bb add_icon=\u00a0\u00bbtrue\u00a0\u00bb link=\u00a0\u00bburl:https%3A%2F%2Fwww.oconnection.fr%2Fwp-content%2Fuploads%2F2025%2F06%2FOconnection_Charte_RSEEthique_V4_2025.pdf|target:_blank\u00a0\u00bb]<div class=\"ult-spacer spacer-69f6cddad1fed\" data-id=\"69f6cddad1fed\" data-height=\"10\" data-height-mobile=\"10\" data-height-tab=\"10\" data-height-tab-portrait=\"\" data-height-mobile-landscape=\"\" style=\"clear:both;display:block;\"><\/div>[vc_btn title=\u00a0\u00bbT\u00e9l\u00e9charger notre certification ISO 20121&Prime; color=\u00a0\u00bbblack\u00a0\u00bb align=\u00a0\u00bbcenter\u00a0\u00bb i_icon_fontawesome=\u00a0\u00bbfa fa-regular fa-file-pdf\u00a0\u00bb css=\u00a0\u00bb\u00a0\u00bb add_icon=\u00a0\u00bbtrue\u00a0\u00bb link=\u00a0\u00bburl:https%3A%2F%2Fwww.oconnection.fr%2Fwp-content%2Fuploads%2F2025%2F06%2FCertificat-100477.4_ISO20121_OCONNECTION.pdf|target:_blank\u00a0\u00bb]<div class=\"ult-spacer spacer-69f6cddad1ff4\" data-id=\"69f6cddad1ff4\" data-height=\"50\" data-height-mobile=\"50\" data-height-tab=\"50\" data-height-tab-portrait=\"\" data-height-mobile-landscape=\"\" style=\"clear:both;display:block;\"><\/div>[\/vc_column][\/vc_row]<\/p>\n<\/div>","protected":false},"excerpt":{"rendered":"<p>[vc_row css=\u00a0\u00bb.vc_custom_1750230449520{padding-top: 60px !important;padding-bottom: 20px !important;}\u00a0\u00bb][vc_column][vc_row_inner css=\u00a0\u00bb.vc_custom_1750255749135{margin-bottom: 30px !important;}\u00a0\u00bb][vc_column_inner width=\u00a0\u00bb1\/2&Prime;][vc_column_text css=\u00a0\u00bb.vc_custom_1767974592569{padding-top: 10px !important;}\u00a0\u00bb] Nos convictions Nous croyons \u00e0 un mod\u00e8le o\u00f9 l\u2019humain, la responsabilit\u00e9 et l\u2019innovation avancent ensemble. Notre expertise repose sur : l\u2019agilit\u00e9 et la r\u00e9activit\u00e9 d\u2019une structure entrepreneuriale, l\u2019exigence de la performance mesurable, la transparence dans nos relations, la co-construction avec nos clients&hellip;<\/p>\n","protected":false},"author":2,"featured_media":0,"parent":0,"menu_order":0,"comment_status":"closed","ping_status":"closed","template":"template-microsite.php","meta":{"inline_featured_image":false,"footnotes":""},"class_list":["post-1856","page","type-page","status-publish","hentry","description-off"],"_links":{"self":[{"href":"https:\/\/www.oconnection.fr\/index.php\/wp-json\/wp\/v2\/pages\/1856","targetHints":{"allow":["GET"]}}],"collection":[{"href":"https:\/\/www.oconnection.fr\/index.php\/wp-json\/wp\/v2\/pages"}],"about":[{"href":"https:\/\/www.oconnection.fr\/index.php\/wp-json\/wp\/v2\/types\/page"}],"author":[{"embeddable":true,"href":"https:\/\/www.oconnection.fr\/index.php\/wp-json\/wp\/v2\/users\/2"}],"replies":[{"embeddable":true,"href":"https:\/\/www.oconnection.fr\/index.php\/wp-json\/wp\/v2\/comments?post=1856"}],"version-history":[{"count":43,"href":"https:\/\/www.oconnection.fr\/index.php\/wp-json\/wp\/v2\/pages\/1856\/revisions"}],"predecessor-version":[{"id":2179,"href":"https:\/\/www.oconnection.fr\/index.php\/wp-json\/wp\/v2\/pages\/1856\/revisions\/2179"}],"wp:attachment":[{"href":"https:\/\/www.oconnection.fr\/index.php\/wp-json\/wp\/v2\/media?parent=1856"}],"curies":[{"name":"wp","href":"https:\/\/api.w.org\/{rel}","templated":true}]}}